{"id":13633,"date":"2014-02-03T16:31:07","date_gmt":"2014-02-03T16:31:07","guid":{"rendered":"https:\/\/www.hotelcasadecampo.es\/en\/dormir-en-asturias\/"},"modified":"2021-10-31T10:23:20","modified_gmt":"2021-10-31T10:23:20","slug":"dormir-en-asturias","status":"publish","type":"page","link":"https:\/\/www.hotelcasadecampo.es\/en\/dormir-en-asturias\/","title":{"rendered":"Rooms"},"content":{"rendered":"<p>[vc_row full_width=&#8221;stretch_row&#8221; content_placement=&#8221;middle&#8221; css=&#8221;.vc_custom_1623257610954{margin-bottom: 0px !important;padding-top: 10vh !important;padding-bottom: 270px !important;background: #0f0f0f url(http:\/\/www.hotelcasadecampo.es\/wp-content\/uploads\/hcc_0013-2.jpg?id=14554) !important;background-position: center !important;background-repeat: no-repeat !important;background-size: cover !important;}&#8221; el_class=&#8221;opacity-video-bg&#8221; mobile_bg_img_hidden=&#8221;no&#8221; tablet_bg_img_hidden=&#8221;no&#8221; woodmart_parallax=&#8221;0&#8243; woodmart_gradient_switch=&#8221;no&#8221; row_reverse_mobile=&#8221;0&#8243; row_reverse_tablet=&#8221;0&#8243; woodmart_disable_overflow=&#8221;0&#8243;][vc_column el_class=&#8221;text-center&#8221; offset=&#8221;vc_col-xs-12&#8243; css=&#8221;.vc_custom_1503577207166{padding-top: 0px !important;}&#8221;]\t\n\t\t\t<div id=\"wd-611bfc9da624d\" class=\"woodmart-text-block-wrapper color-scheme-custom woodmart-title-size-custom woodmart-title-width-60 text-center vc_custom_1629224117477\">\n\t\t\t\t<div class=\"woodmart-title-container woodmart-text-block font-primary woodmart-font-weight-400\">\n\t\t\t\t\tRooms to rest<br \/>\nin a <strong>rural<\/strong> setting\t\t\t\t<\/div>\n\t\t\t\t\t\n\t\t\t<\/div>\n\t\t\t\n\t\t\t<div id=\"wd-611bfcb7d7577\" class=\"woodmart-text-block-wrapper color-scheme-light woodmart-title-size-custom woodmart-title-width-50 text-center vc_custom_1629224131460\">\n\t\t\t\t<div class=\"woodmart-title-container woodmart-text-block font-text woodmart-font-weight-\">\n\t\t\t\t\tThe Hotel Casa de Campo has a wide range of rooms to always find the best solution to your needs.\t\t\t\t<\/div>\n\t\t\t\t\t\n\t\t\t<\/div>\n\t\t[\/vc_column][\/vc_row][vc_row css=&#8221;.vc_custom_1535034893581{margin-bottom: 8vh !important;}&#8221;][vc_column woodmart_text_align=&#8221;center&#8221; css=&#8221;.vc_custom_1537368549281{margin-top: -150px !important;padding-top: 30px !important;padding-right: 30px !important;padding-left: 30px !important;background-color: #ffffff !important;}&#8221;][vc_row_inner][vc_column_inner css=&#8221;.vc_custom_1537368554092{margin-bottom: 30px !important;padding-top: 0px !important;}&#8221;][vc_images_carousel images=&#8221;14681,14797,14678,14796,14798,14799,14800,14805,14804&#8243; img_size=&#8221;full&#8221; slides_per_view=&#8221;3&#8243; autoplay=&#8221;yes&#8221; wrap=&#8221;yes&#8221;][\/vc_column_inner][\/vc_row_inner][\/vc_column][\/vc_row][vc_row content_placement=&#8221;middle&#8221; row_reverse_mobile=&#8221;1&#8243; css=&#8221;.vc_custom_1535033781414{margin-bottom: 4vh !important;}&#8221;][vc_column width=&#8221;1\/2&#8243; css=&#8221;.vc_custom_1535033880888{margin-bottom: 4vh !important;padding-top: 0px !important;}&#8221; offset=&#8221;vc_col-md-6&#8243;][vc_single_image image=&#8221;14676&#8243; img_size=&#8221;full&#8221; alignment=&#8221;center&#8221; css=&#8221;.vc_custom_1624438919544{margin-bottom: 15px !important;}&#8221; parallax_scroll=&#8221;no&#8221;][\/vc_column][vc_column width=&#8221;1\/2&#8243; woodmart_text_align=&#8221;center&#8221; css=&#8221;.vc_custom_1535033910576{margin-bottom: 4vh !important;padding-top: 0px !important;}&#8221; offset=&#8221;vc_col-md-6&#8243;]\t\n\t\t\t<div id=\"wd-611bfcc98b1a0\" class=\"woodmart-text-block-wrapper color-scheme-dark woodmart-title-size-custom woodmart-title-width-100 text-center vc_custom_1629224148600\">\n\t\t\t\t<div class=\"woodmart-title-container woodmart-text-block font-primary woodmart-font-weight-400\">\n\t\t\t\t\t<\/p>\n<div class=\"wpb_text_column wpb_content_element \">\n<div class=\"wpb_wrapper\">\n<p><strong>Sleep in Asturias<\/strong><\/p>\n<p>Luxury in the details<\/p>\n<\/div>\n<\/div>\n<p>\t\t\t\t<\/div>\n\t\t\t\t\t\n\t\t\t<\/div>\n\t\t\t\n\t\t\t<div id=\"wd-611bfcd73bd8c\" class=\"woodmart-text-block-wrapper color-scheme- woodmart-title-size-custom woodmart-title-width-80 text-center vc_custom_1629224162441\">\n\t\t\t\t<div class=\"woodmart-title-container woodmart-text-block font-text woodmart-font-weight-\">\n\t\t\t\t\t<\/p>\n<div class=\"wpb_text_column wpb_content_element \">\n<div class=\"wpb_wrapper\">\n<p>The Hotel Casa de Campo has a wide range of rooms to always find the best solution to your needs. Whether you are traveling as a couple or alone, with your family or with animals, at the Hotel Casa de Campo you will enjoy the best stay in the Picos de Europa Region.<\/p>\n<p>The hotel has 20 rooms, including a Junior Suite with which to enjoy the best moments with your partner, plasma TV, minibar, complete bathroom with round hydromassage bathtub, bathroom set and bathrobe.<\/p>\n<\/div>\n<\/div>\n<p>\t\t\t\t<\/div>\n\t\t\t\t\t\n\t\t\t<\/div>\n\t\t[\/vc_column][\/vc_row][vc_row equal_height=&#8221;yes&#8221; content_placement=&#8221;middle&#8221; css=&#8221;.vc_custom_1535363989715{margin-bottom: 4vh !important;}&#8221;][vc_column css=&#8221;.vc_custom_1535364026326{padding-top: 0px !important;}&#8221; offset=&#8221;vc_col-lg-6 vc_col-md-6&#8243;]\t\t\n\t\t<div id=\"wd-611bfce535dd2\" class=\"title-wrapper  woodmart-title-color-default woodmart-title-style-default woodmart-title-width-100 text-left woodmart-title-size-custom vc_custom_1629224174116\">\n\t\t\t\t\t\t\n\t\t\t<div class=\"liner-continer\">\n\t\t\t\t<span class=\"left-line\"><\/span>\n\t\t\t\t<h4 class=\"woodmart-title-container title  woodmart-font-weight-\" >In family?<\/h4>\t\t\t\t\t\t\t\t<span class=\"right-line\"><\/span>\n\t\t\t<\/div>\n\t\t\t\n\t\t\t\t\t\t\t<div class=\"title-after_title\">Habitaciones comunicadas con una puerta interior<\/div>\n\t\t\t\t\t\t\n\t\t\t\t\t<\/div>\n\t\t\n\t\t[vc_row_inner][vc_column_inner]\t\t\t<div class=\"info-box-wrapper \">\n\t\t\t\t<div id=\"wd-611bfcf5a01b6\" class=\" woodmart-info-box text-left box-icon-align-left box-style- color-scheme- woodmart-bg-none box-title-small vc_custom_1629224198331\"  >\n\t\t\t\t\t\t\t\t\t\t<div class=\"info-box-content\">\n\t\t\t\t\t\t<h4 class=\"info-box-title woodmart-font-weight- box-title-style-default\">REST WITH THE FAMILY<\/h4>\t\t\t\t\t\t<div class=\"info-box-inner reset-mb-10\">\n\t\t\t\t\t\t\t<p>If you are traveling as a family, we have family rooms connected with an interior door where you will find the necessary space for your family, one double and one with two beds, both fully equipped. We also have superior rooms equipped with a minibar, a shower with a hydromassage column, a bathroom set and a bathrobe. The most independent can stay in rooms with porch and private terrace, with direct access to the garden.<\/p>\n\t\t\t\t\t\t<\/div>\n\n\t\t\t\t\t\t\t\t\t\t\t\t\n\t\t\t\t\t<\/div>\n\n\t\t\t\t\t\t\t\t\t<\/div>\n\t\t\t<\/div>\n\t\t[\/vc_column_inner][\/vc_row_inner][\/vc_column][vc_column css=&#8221;.vc_custom_1535364020956{margin-bottom: 4vh !important;padding-top: 0px !important;background-position: center !important;background-repeat: no-repeat !important;background-size: cover !important;}&#8221; offset=&#8221;vc_col-lg-6 vc_col-md-6&#8243;][vc_single_image image=&#8221;14689&#8243; img_size=&#8221;full&#8221; alignment=&#8221;center&#8221; css=&#8221;.vc_custom_1624441694658{margin-bottom: 15px !important;}&#8221; parallax_scroll=&#8221;no&#8221;][\/vc_column][\/vc_row][vc_row equal_height=&#8221;yes&#8221; content_placement=&#8221;middle&#8221; woodmart_bg_position=&#8221;left-center&#8221; css=&#8221;.vc_custom_1624874600957{margin-bottom: 8vh !important;background-position: center !important;background-repeat: no-repeat !important;background-size: contain !important;}&#8221; el_class=&#8221;mobile-bg-img-hidden&#8221; mobile_bg_img_hidden=&#8221;no&#8221; tablet_bg_img_hidden=&#8221;no&#8221; woodmart_parallax=&#8221;0&#8243; woodmart_gradient_switch=&#8221;no&#8221; row_reverse_mobile=&#8221;0&#8243; row_reverse_tablet=&#8221;0&#8243; woodmart_disable_overflow=&#8221;0&#8243;][vc_column css=&#8221;.vc_custom_1525682963732{margin-bottom: 0px !important;padding-top: 0px !important;}&#8221; offset=&#8221;vc_col-lg-5 vc_hidden-md vc_hidden-sm vc_hidden-xs&#8221;][vc_single_image image=&#8221;14811&#8243; img_size=&#8221;full&#8221; alignment=&#8221;center&#8221; css=&#8221;.vc_custom_1624876472268{margin-bottom: 15px !important;}&#8221; parallax_scroll=&#8221;no&#8221;][\/vc_column][vc_column woodmart_bg_position=&#8221;right-center&#8221; woodmart_color_scheme=&#8221;light&#8221; css=&#8221;.vc_custom_1525682967359{margin-bottom: 0px !important;padding-top: 8vh !important;padding-right: 30px !important;padding-bottom: 8vh !important;padding-left: 30px !important;background: #18191f url(http:\/\/www.hotelcasadecampo.es\/wp-content\/uploads\/book-quotes-2.svg) !important;background-position: 0 0 !important;background-repeat: no-repeat !important;}&#8221; offset=&#8221;vc_col-lg-4 vc_col-md-8&#8243;]\t\n\t\t\t<div id=\"wd-611bfd09a25f3\" class=\"woodmart-text-block-wrapper color-scheme-custom woodmart-title-size-custom woodmart-title-width-100 text-left vc_custom_1629224209100\">\n\t\t\t\t<div class=\"woodmart-title-container woodmart-text-block font-text woodmart-font-weight-\">\n\t\t\t\t\tLOOKING FOR A SPECIAL NIGHT?\t\t\t\t<\/div>\n\t\t\t\t\t\n\t\t\t<\/div>\n\t\t\t\n\t\t\t<div id=\"wd-611bfd1358593\" class=\"woodmart-text-block-wrapper color-scheme-light woodmart-title-size-custom woodmart-title-width-100 text-left vc_custom_1629224218365\">\n\t\t\t\t<div class=\"woodmart-title-container woodmart-text-block font-primary woodmart-font-weight-400\">\n\t\t\t\t\t<\/p>\n<div class=\"wpb_text_column wpb_content_element \">\n<div class=\"wpb_wrapper\">\n<p>Junior Suite Room with Jacuzzi<\/p>\n<\/div>\n<\/div>\n<p>\t\t\t\t<\/div>\n\t\t\t\t\t\n\t\t\t<\/div>\n\t\t\t\n\t\t\t<div id=\"wd-611bfd2d0c18a\" class=\"woodmart-text-block-wrapper color-scheme- woodmart-title-size-custom woodmart-title-width-90 text-left vc_custom_1629224250461\">\n\t\t\t\t<div class=\"woodmart-title-container woodmart-text-block font-text woodmart-font-weight-400\">\n\t\t\t\t\t<span style=\"color: #ffffff;\">Composed of hall with sofa, plasma TV, minibar, complete bathroom with round hydromassage bathtub, bathroom set and bathrobe.<\/span>\t\t\t\t<\/div>\n\t\t\t\t\t\n\t\t\t<\/div>\n\t\t<div id=\"wd-611bfd3d128df\" class=\"woodmart-button-wrapper text-left\"><a href=\"https:\/\/www.hotelcasadecampo.es\/en\/reservas_hotel_asturias\/\" title=\"\" class=\"btn btn-color-white btn-style-link btn-shape-rectangle btn-size-default\">Booking Now<\/a><\/div>[\/vc_column][vc_column width=&#8221;1\/4&#8243; css=&#8221;.vc_custom_1525682971724{margin-bottom: 0px !important;padding-top: 0px !important;}&#8221; offset=&#8221;vc_col-lg-3 vc_col-md-4 vc_hidden-sm vc_hidden-xs&#8221;][vc_single_image image=&#8221;14673&#8243; img_size=&#8221;full&#8221; alignment=&#8221;center&#8221; css=&#8221;.vc_custom_1624437746367{margin-bottom: 15px !important;}&#8221; parallax_scroll=&#8221;no&#8221;][vc_single_image image=&#8221;14672&#8243; img_size=&#8221;full&#8221; alignment=&#8221;center&#8221; css=&#8221;.vc_custom_1624437803209{margin-bottom: 0px !important;}&#8221; parallax_scroll=&#8221;no&#8221;][\/vc_column][\/vc_row][vc_row][vc_column][vc_column_text]<\/p>\n<p>[\/vc_column_text][\/vc_column][\/vc_row][vc_row][vc_column]\t\t\n\t\t<div id=\"wd-611bfd7bdcce7\" class=\"title-wrapper  woodmart-title-color-default woodmart-title-style-default woodmart-title-width-100 text-center woodmart-title-size-large \">\n\t\t\t\t\t\t\n\t\t\t<div class=\"liner-continer\">\n\t\t\t\t<span class=\"left-line\"><\/span>\n\t\t\t\t<h4 class=\"woodmart-title-container title  woodmart-font-weight-\" >Room services<\/h4>\t\t\t\t\t\t\t\t<span class=\"right-line\"><\/span>\n\t\t\t<\/div>\n\t\t\t\n\t\t\t\t\t\t\n\t\t\t\t\t<\/div>\n\t\t\n\t\t[\/vc_column][\/vc_row][vc_row][vc_column width=&#8221;1\/3&#8243;]<div class=\"aio-icon-component   style_1\"><div class=\"aio-icon-box default-icon\" style=\"\"  ><div class=\"aio-icon-default\"><div class=\"ult-just-icon-wrapper \"><div class=\"align-icon\" style=\"text-align:center;\">\n<div class=\"aio-icon-img \" style=\"font-size:48px;display:inline-block;\" >\n\t<img class=\"img-icon\" alt=\"\" src=\"https:\/\/www.hotelcasadecampo.es\/wp-content\/uploads\/1dea9d594f1c8d1bc1699b3d349b0c00.png\"\/>\n<\/div><\/div><\/div><\/div><div class=\"aio-icon-header\"><h3 class=\"aio-icon-title\" style=\"font-size:19px;\">Free Wifi <\/h3><\/div> <!-- header --><\/div> <!-- aio-icon-box --><\/div> <!-- aio-icon-component --><div class=\"aio-icon-component   style_1\"><div class=\"aio-icon-box default-icon\" style=\"\"  ><div class=\"aio-icon-default\"><div class=\"ult-just-icon-wrapper \"><div class=\"align-icon\" style=\"text-align:center;\">\n<div class=\"aio-icon-img \" style=\"font-size:48px;display:inline-block;\" >\n\t<img class=\"img-icon\" alt=\"\" src=\"https:\/\/www.hotelcasadecampo.es\/wp-content\/uploads\/31106.png\"\/>\n<\/div><\/div><\/div><\/div><div class=\"aio-icon-header\"><h3 class=\"aio-icon-title\" style=\"font-size:19px;\">Flat screen tv<\/h3><\/div> <!-- header --><\/div> <!-- aio-icon-box --><\/div> <!-- aio-icon-component --><div class=\"aio-icon-component   style_1\"><div class=\"aio-icon-box default-icon\" style=\"\"  ><div class=\"aio-icon-default\"><div class=\"ult-just-icon-wrapper \"><div class=\"align-icon\" style=\"text-align:center;\">\n<div class=\"aio-icon-img \" style=\"font-size:48px;display:inline-block;\" >\n\t<img class=\"img-icon\" alt=\"\" src=\"https:\/\/www.hotelcasadecampo.es\/wp-content\/uploads\/images-1.png\"\/>\n<\/div><\/div><\/div><\/div><div class=\"aio-icon-header\"><h3 class=\"aio-icon-title\" style=\"font-size:19px;\">Full bathroom<\/h3><\/div> <!-- header --><\/div> <!-- aio-icon-box --><\/div> <!-- aio-icon-component -->[\/vc_column][vc_column width=&#8221;1\/3&#8243;]<div class=\"aio-icon-component   style_1\"><div class=\"aio-icon-box default-icon\" style=\"\"  ><div class=\"aio-icon-default\"><div class=\"ult-just-icon-wrapper \"><div class=\"align-icon\" style=\"text-align:center;\">\n<div class=\"aio-icon-img \" style=\"font-size:48px;display:inline-block;\" >\n\t<img class=\"img-icon\" alt=\"\" src=\"https:\/\/www.hotelcasadecampo.es\/wp-content\/uploads\/kisspng-dog-cat-computer-icons-pet-5b11f472e69a34.9081688715279033469446.jpg\"\/>\n<\/div><\/div><\/div><\/div><div class=\"aio-icon-header\"><h3 class=\"aio-icon-title\" style=\"font-size:19px;\">Drinker and pet bed<\/h3><\/div> <!-- header --><\/div> <!-- aio-icon-box --><\/div> <!-- aio-icon-component --><div class=\"aio-icon-component   style_1\"><div class=\"aio-icon-box default-icon\" style=\"\"  ><div class=\"aio-icon-default\"><div class=\"ult-just-icon-wrapper \"><div class=\"align-icon\" style=\"text-align:center;\">\n<div class=\"aio-icon-img \" style=\"font-size:48px;display:inline-block;\" >\n\t<img class=\"img-icon\" alt=\"\" src=\"https:\/\/www.hotelcasadecampo.es\/wp-content\/uploads\/66331.png\"\/>\n<\/div><\/div><\/div><\/div><div class=\"aio-icon-header\"><h3 class=\"aio-icon-title\" style=\"font-size:19px;\">Exterior rooms with river \/ mountain views<\/h3><\/div> <!-- header --><\/div> <!-- aio-icon-box --><\/div> <!-- aio-icon-component --><div class=\"aio-icon-component   style_1\"><div class=\"aio-icon-box default-icon\" style=\"\"  ><div class=\"aio-icon-default\"><div class=\"ult-just-icon-wrapper \"><div class=\"align-icon\" style=\"text-align:center;\">\n<div class=\"aio-icon-img \" style=\"font-size:48px;display:inline-block;\" >\n\t<img class=\"img-icon\" alt=\"\" src=\"https:\/\/www.hotelcasadecampo.es\/wp-content\/uploads\/114859.png\"\/>\n<\/div><\/div><\/div><\/div><div class=\"aio-icon-header\"><h3 class=\"aio-icon-title\" style=\"font-size:19px;\">Hair dryer<\/h3><\/div> <!-- header --><\/div> <!-- aio-icon-box --><\/div> <!-- aio-icon-component --><div class=\"aio-icon-component   style_1\"><div class=\"aio-icon-box default-icon\" style=\"\"  ><div class=\"aio-icon-default\"><div class=\"ult-just-icon-wrapper \"><div class=\"align-icon\" style=\"text-align:center;\">\n<div class=\"aio-icon-img \" style=\"font-size:48px;display:inline-block;\" >\n\t<img class=\"img-icon\" alt=\"\" src=\"https:\/\/www.hotelcasadecampo.es\/wp-content\/uploads\/35071.png\"\/>\n<\/div><\/div><\/div><\/div><div class=\"aio-icon-header\"><h3 class=\"aio-icon-title\" style=\"font-size:19px;\">Usb\/ hdmi<\/h3><\/div> <!-- header --><\/div> <!-- aio-icon-box --><\/div> <!-- aio-icon-component -->[\/vc_column][vc_column width=&#8221;1\/3&#8243;]<div class=\"aio-icon-component   style_1\"><div class=\"aio-icon-box default-icon\" style=\"\"  ><div class=\"aio-icon-default\"><div class=\"ult-just-icon-wrapper \"><div class=\"align-icon\" style=\"text-align:center;\">\n<div class=\"aio-icon-img \" style=\"font-size:48px;display:inline-block;\" >\n\t<img class=\"img-icon\" alt=\"\" src=\"https:\/\/www.hotelcasadecampo.es\/wp-content\/uploads\/images.png\"\/>\n<\/div><\/div><\/div><\/div><div class=\"aio-icon-header\"><h3 class=\"aio-icon-title\" style=\"font-size:19px;\">Safe<\/h3><\/div> <!-- header --><\/div> <!-- aio-icon-box --><\/div> <!-- aio-icon-component --><div class=\"aio-icon-component   style_1\"><div class=\"aio-icon-box default-icon\" style=\"\"  ><div class=\"aio-icon-default\"><div class=\"ult-just-icon-wrapper \"><div class=\"align-icon\" style=\"text-align:center;\">\n<div class=\"aio-icon-img \" style=\"font-size:48px;display:inline-block;\" >\n\t<img class=\"img-icon\" alt=\"\" src=\"https:\/\/www.hotelcasadecampo.es\/wp-content\/uploads\/download-1-1.png\"\/>\n<\/div><\/div><\/div><\/div><div class=\"aio-icon-header\"><h3 class=\"aio-icon-title\" style=\"font-size:19px;\">Full length mirror<\/h3><\/div> <!-- header --><\/div> <!-- aio-icon-box --><\/div> <!-- aio-icon-component --><div class=\"aio-icon-component   style_1\"><div class=\"aio-icon-box default-icon\" style=\"\"  ><div class=\"aio-icon-default\"><div class=\"ult-just-icon-wrapper \"><div class=\"align-icon\" style=\"text-align:center;\">\n<div class=\"aio-icon-img \" style=\"font-size:48px;display:inline-block;\" >\n\t<img class=\"img-icon\" alt=\"\" src=\"https:\/\/www.hotelcasadecampo.es\/wp-content\/uploads\/100520.png\"\/>\n<\/div><\/div><\/div><\/div><div class=\"aio-icon-header\"><h3 class=\"aio-icon-title\" style=\"font-size:19px;\">Courtesy toiletries<\/h3><\/div> <!-- header --><\/div> <!-- aio-icon-box --><\/div> <!-- aio-icon-component -->[\/vc_column][\/vc_row]<\/p>\n","protected":false},"excerpt":{"rendered":"<p>[vc_row full_width=&#8221;stretch_row&#8221; content_placement=&#8221;middle&#8221; css=&#8221;.vc_custom_1623257610954{margin-bottom: 0px !important;padding-top: 10vh !important;padding-bottom: 270px !important;background: #0f0f0f url(http:\/\/www.hotelcasadecampo.es\/wp-content\/uploads\/hcc_0013-2.jpg?id=14554) !important;background-position: center !important;background-repeat: no-repeat !important;background-size: cover !important;}&#8221; el_class=&#8221;opacity-video-bg&#8221;<\/p>\n","protected":false},"author":1,"featured_media":0,"parent":0,"menu_order":0,"comment_status":"closed","ping_status":"closed","template":"","meta":[],"yoast_head":"<!-- This site is optimized with the Yoast SEO plugin v17.4 - https:\/\/yoast.com\/wordpress\/plugins\/seo\/ -->\n<title>Dormir en Asturias. Un hotel en Cangas de On\u00eds<\/title>\n<meta name=\"description\" content=\"Hotel rural en Cangas de On\u00eds. Un lugar de ensue\u00f1o donde dormir en Asturias. Disponemos de una habitaci\u00f3n especial con jacuzzi.\" \/>\n<meta name=\"robots\" content=\"index, follow, max-snippet:-1, max-image-preview:large, max-video-preview:-1\" \/>\n<link rel=\"canonical\" href=\"https:\/\/www.hotelcasadecampo.es\/en\/dormir-en-asturias\/\" \/>\n<meta property=\"og:locale\" content=\"en_US\" \/>\n<meta property=\"og:type\" content=\"article\" \/>\n<meta property=\"og:title\" content=\"Dormir en Asturias. Un hotel en Cangas de On\u00eds\" \/>\n<meta property=\"og:description\" content=\"Hotel rural en Cangas de On\u00eds. Un lugar de ensue\u00f1o donde dormir en Asturias. Disponemos de una habitaci\u00f3n especial con jacuzzi.\" \/>\n<meta property=\"og:url\" content=\"https:\/\/www.hotelcasadecampo.es\/en\/dormir-en-asturias\/\" \/>\n<meta property=\"og:site_name\" content=\"Hotel Casa de Campo\" \/>\n<meta property=\"article:publisher\" content=\"https:\/\/www.facebook.com\/hotelruralasturias\" \/>\n<meta property=\"article:modified_time\" content=\"2021-10-31T10:23:20+00:00\" \/>\n<meta name=\"twitter:card\" content=\"summary\" \/>\n<meta name=\"twitter:label1\" content=\"Est. reading time\" \/>\n\t<meta name=\"twitter:data1\" content=\"3 minutes\" \/>\n<script type=\"application\/ld+json\" class=\"yoast-schema-graph\">{\"@context\":\"https:\/\/schema.org\",\"@graph\":[{\"@type\":\"WebSite\",\"@id\":\"https:\/\/www.hotelcasadecampo.es\/#website\",\"url\":\"https:\/\/www.hotelcasadecampo.es\/\",\"name\":\"Hotel Casa de Campo\",\"description\":\"Hotel Rural en Asturias\",\"potentialAction\":[{\"@type\":\"SearchAction\",\"target\":{\"@type\":\"EntryPoint\",\"urlTemplate\":\"https:\/\/www.hotelcasadecampo.es\/?s={search_term_string}\"},\"query-input\":\"required name=search_term_string\"}],\"inLanguage\":\"en-US\"},{\"@type\":\"WebPage\",\"@id\":\"https:\/\/www.hotelcasadecampo.es\/en\/dormir-en-asturias\/#webpage\",\"url\":\"https:\/\/www.hotelcasadecampo.es\/en\/dormir-en-asturias\/\",\"name\":\"Dormir en Asturias. Un hotel en Cangas de On\\u00eds\",\"isPartOf\":{\"@id\":\"https:\/\/www.hotelcasadecampo.es\/#website\"},\"datePublished\":\"2014-02-03T16:31:07+00:00\",\"dateModified\":\"2021-10-31T10:23:20+00:00\",\"description\":\"Hotel rural en Cangas de On\\u00eds. Un lugar de ensue\\u00f1o donde dormir en Asturias. Disponemos de una habitaci\\u00f3n especial con jacuzzi.\",\"breadcrumb\":{\"@id\":\"https:\/\/www.hotelcasadecampo.es\/en\/dormir-en-asturias\/#breadcrumb\"},\"inLanguage\":\"en-US\",\"potentialAction\":[{\"@type\":\"ReadAction\",\"target\":[\"https:\/\/www.hotelcasadecampo.es\/en\/dormir-en-asturias\/\"]}]},{\"@type\":\"BreadcrumbList\",\"@id\":\"https:\/\/www.hotelcasadecampo.es\/en\/dormir-en-asturias\/#breadcrumb\",\"itemListElement\":[{\"@type\":\"ListItem\",\"position\":1,\"name\":\"Portada\",\"item\":\"https:\/\/www.hotelcasadecampo.es\/en\/\"},{\"@type\":\"ListItem\",\"position\":2,\"name\":\"Rooms\"}]}]}<\/script>\n<!-- \/ Yoast SEO plugin. -->","yoast_head_json":{"title":"Dormir en Asturias. Un hotel en Cangas de On\u00eds","description":"Hotel rural en Cangas de On\u00eds. Un lugar de ensue\u00f1o donde dormir en Asturias. Disponemos de una habitaci\u00f3n especial con jacuzzi.","robots":{"index":"index","follow":"follow","max-snippet":"max-snippet:-1","max-image-preview":"max-image-preview:large","max-video-preview":"max-video-preview:-1"},"canonical":"https:\/\/www.hotelcasadecampo.es\/en\/dormir-en-asturias\/","og_locale":"en_US","og_type":"article","og_title":"Dormir en Asturias. Un hotel en Cangas de On\u00eds","og_description":"Hotel rural en Cangas de On\u00eds. Un lugar de ensue\u00f1o donde dormir en Asturias. Disponemos de una habitaci\u00f3n especial con jacuzzi.","og_url":"https:\/\/www.hotelcasadecampo.es\/en\/dormir-en-asturias\/","og_site_name":"Hotel Casa de Campo","article_publisher":"https:\/\/www.facebook.com\/hotelruralasturias","article_modified_time":"2021-10-31T10:23:20+00:00","twitter_card":"summary","twitter_misc":{"Est. reading time":"3 minutes"},"schema":{"@context":"https:\/\/schema.org","@graph":[{"@type":"WebSite","@id":"https:\/\/www.hotelcasadecampo.es\/#website","url":"https:\/\/www.hotelcasadecampo.es\/","name":"Hotel Casa de Campo","description":"Hotel Rural en Asturias","potentialAction":[{"@type":"SearchAction","target":{"@type":"EntryPoint","urlTemplate":"https:\/\/www.hotelcasadecampo.es\/?s={search_term_string}"},"query-input":"required name=search_term_string"}],"inLanguage":"en-US"},{"@type":"WebPage","@id":"https:\/\/www.hotelcasadecampo.es\/en\/dormir-en-asturias\/#webpage","url":"https:\/\/www.hotelcasadecampo.es\/en\/dormir-en-asturias\/","name":"Dormir en Asturias. Un hotel en Cangas de On\u00eds","isPartOf":{"@id":"https:\/\/www.hotelcasadecampo.es\/#website"},"datePublished":"2014-02-03T16:31:07+00:00","dateModified":"2021-10-31T10:23:20+00:00","description":"Hotel rural en Cangas de On\u00eds. Un lugar de ensue\u00f1o donde dormir en Asturias. Disponemos de una habitaci\u00f3n especial con jacuzzi.","breadcrumb":{"@id":"https:\/\/www.hotelcasadecampo.es\/en\/dormir-en-asturias\/#breadcrumb"},"inLanguage":"en-US","potentialAction":[{"@type":"ReadAction","target":["https:\/\/www.hotelcasadecampo.es\/en\/dormir-en-asturias\/"]}]},{"@type":"BreadcrumbList","@id":"https:\/\/www.hotelcasadecampo.es\/en\/dormir-en-asturias\/#breadcrumb","itemListElement":[{"@type":"ListItem","position":1,"name":"Portada","item":"https:\/\/www.hotelcasadecampo.es\/en\/"},{"@type":"ListItem","position":2,"name":"Rooms"}]}]}},"_links":{"self":[{"href":"https:\/\/www.hotelcasadecampo.es\/en\/wp-json\/wp\/v2\/pages\/13633"}],"collection":[{"href":"https:\/\/www.hotelcasadecampo.es\/en\/wp-json\/wp\/v2\/pages"}],"about":[{"href":"https:\/\/www.hotelcasadecampo.es\/en\/wp-json\/wp\/v2\/types\/page"}],"author":[{"embeddable":true,"href":"https:\/\/www.hotelcasadecampo.es\/en\/wp-json\/wp\/v2\/users\/1"}],"replies":[{"embeddable":true,"href":"https:\/\/www.hotelcasadecampo.es\/en\/wp-json\/wp\/v2\/comments?post=13633"}],"version-history":[{"count":5,"href":"https:\/\/www.hotelcasadecampo.es\/en\/wp-json\/wp\/v2\/pages\/13633\/revisions"}],"predecessor-version":[{"id":15172,"href":"https:\/\/www.hotelcasadecampo.es\/en\/wp-json\/wp\/v2\/pages\/13633\/revisions\/15172"}],"wp:attachment":[{"href":"https:\/\/www.hotelcasadecampo.es\/en\/wp-json\/wp\/v2\/media?parent=13633"}],"curies":[{"name":"wp","href":"https:\/\/api.w.org\/{rel}","templated":true}]}}